{"id":7018,"date":"2021-09-22T13:50:44","date_gmt":"2021-09-22T11:50:44","guid":{"rendered":"https:\/\/covid.bestmedical.de\/face-masks\/"},"modified":"2022-05-18T14:11:07","modified_gmt":"2022-05-18T12:11:07","slug":"face-masks","status":"publish","type":"page","link":"https:\/\/bestmedical.shop\/en\/face-masks\/","title":{"rendered":"Face Masks"},"content":{"rendered":"\t\t<div data-elementor-type=\"wp-page\" data-elementor-id=\"7018\" class=\"elementor elementor-7018 elementor-63\" data-elementor-post-type=\"page\">\n\t\t\t\t<div class=\"elementor-element elementor-element-e565e39 e-flex e-con-boxed e-con e-parent\" data-id=\"e565e39\" data-element_type=\"container\" data-settings=\"{&quot;jet_parallax_layout_list&quot;:[{&quot;jet_parallax_layout_image&quot;:{&quot;url&quot;:&quot;&quot;,&quot;id&quot;:&quot;&quot;,&quot;size&quot;:&quot;&quot;},&quot;_id&quot;:&quot;f743c52&quot;,&quot;jet_parallax_layout_image_tablet_extra&quot;:{&quot;url&quot;:&quot;&quot;,&quot;id&quot;:&quot;&quot;,&quot;size&quot;:&quot;&quot;},&quot;jet_parallax_layout_image_tablet&quot;:{&quot;url&quot;:&quot;&quot;,&quot;id&quot;:&quot;&quot;,&quot;size&quot;:&quot;&quot;},&quot;jet_parallax_layout_image_mobile_extra&quot;:{&quot;url&quot;:&quot;&quot;,&quot;id&quot;:&quot;&quot;,&quot;size&quot;:&quot;&quot;},&quot;jet_parallax_layout_image_mobile&quot;:{&quot;url&quot;:&quot;&quot;,&quot;id&quot;:&quot;&quot;,&quot;size&quot;:&quot;&quot;},&quot;jet_parallax_layout_speed&quot;:{&quot;unit&quot;:&quot;%&quot;,&quot;size&quot;:50,&quot;sizes&quot;:[]},&quot;jet_parallax_layout_type&quot;:&quot;scroll&quot;,&quot;jet_parallax_layout_direction&quot;:&quot;1&quot;,&quot;jet_parallax_layout_fx_direction&quot;:null,&quot;jet_parallax_layout_z_index&quot;:&quot;&quot;,&quot;jet_parallax_layout_bg_x&quot;:50,&quot;jet_parallax_layout_bg_x_tablet_extra&quot;:&quot;&quot;,&quot;jet_parallax_layout_bg_x_tablet&quot;:&quot;&quot;,&quot;jet_parallax_layout_bg_x_mobile_extra&quot;:&quot;&quot;,&quot;jet_parallax_layout_bg_x_mobile&quot;:&quot;&quot;,&quot;jet_parallax_layout_bg_y&quot;:50,&quot;jet_parallax_layout_bg_y_tablet_extra&quot;:&quot;&quot;,&quot;jet_parallax_layout_bg_y_tablet&quot;:&quot;&quot;,&quot;jet_parallax_layout_bg_y_mobile_extra&quot;:&quot;&quot;,&quot;jet_parallax_layout_bg_y_mobile&quot;:&quot;&quot;,&quot;jet_parallax_layout_bg_size&quot;:&quot;auto&quot;,&quot;jet_parallax_layout_bg_size_tablet_extra&quot;:&quot;&quot;,&quot;jet_parallax_layout_bg_size_tablet&quot;:&quot;&quot;,&quot;jet_parallax_layout_bg_size_mobile_extra&quot;:&quot;&quot;,&quot;jet_parallax_layout_bg_size_mobile&quot;:&quot;&quot;,&quot;jet_parallax_layout_animation_prop&quot;:&quot;transform&quot;,&quot;jet_parallax_layout_on&quot;:[&quot;desktop&quot;,&quot;tablet&quot;]}],&quot;_ob_use_container_extras&quot;:&quot;no&quot;,&quot;_ob_column_hoveranimator&quot;:&quot;no&quot;,&quot;_ob_column_has_pseudo&quot;:&quot;no&quot;}\">\n\t\t\t\t\t<div class=\"e-con-inner\">\n\t\t<div class=\"elementor-element elementor-element-40f046d e-con-full e-flex e-con e-parent\" data-id=\"40f046d\" data-element_type=\"container\" data-settings=\"{&quot;_ob_use_container_extras&quot;:&quot;no&quot;,&quot;_ob_column_hoveranimator&quot;:&quot;no&quot;,&quot;_ob_column_has_pseudo&quot;:&quot;no&quot;,&quot;jet_parallax_layout_list&quot;:[]}\">\n\t\t\t\t<div class=\"elementor-element elementor-element-0c4b455 elementor-widget elementor-widget-heading\" data-id=\"0c4b455\" data-element_type=\"widget\" data-settings=\"{&quot;_ob_shadough_use&quot;:&quot;no&quot;,&quot;_ob_allow_hoveranimator&quot;:&quot;no&quot;}\" data-widget_type=\"heading.default\">\n\t\t\t\t<div class=\"elementor-widget-container\">\n\t\t\t\t\t<h1 class=\"elementor-heading-title elementor-size-default\">Respirators<\/h1>\t\t\t\t<\/div>\n\t\t\t\t<\/div>\n\t\t\t\t<\/div>\n\t\t<div class=\"elementor-element elementor-element-4a20560 e-con-full e-flex e-con e-parent\" data-id=\"4a20560\" data-element_type=\"container\" data-settings=\"{&quot;_ob_use_container_extras&quot;:&quot;no&quot;,&quot;_ob_column_hoveranimator&quot;:&quot;no&quot;,&quot;_ob_column_has_pseudo&quot;:&quot;no&quot;,&quot;jet_parallax_layout_list&quot;:[]}\">\n\t\t<!-- dce invisible element 1d874a4 -->\t\t<div class=\"elementor-element elementor-element-0fef3d8 elementor-widget elementor-widget-jet-smart-filters-checkboxes\" data-id=\"0fef3d8\" data-element_type=\"widget\" data-settings=\"{&quot;_ob_shadough_use&quot;:&quot;no&quot;,&quot;_ob_allow_hoveranimator&quot;:&quot;no&quot;}\" data-widget_type=\"jet-smart-filters-checkboxes.default\">\n\t\t\t\t<div class=\"elementor-widget-container\">\n\t\t\t\t\t<div class=\"jet-smart-filters-checkboxes jet-filter jet-filter-indexed\" data-indexer-rule=\"show\" data-show-counter=\"yes\" data-change-counter=\"always\"><div class=\"jet-filter-items-dropdown\"\n\t \t >\n\t<div class=\"jet-filter-items-dropdown__label\" >Produkte filtern<\/div>\n\t<div class=\"jet-filter-items-dropdown__body\">\n\t\t\t\t\t<\/div>\n<\/div><\/div>\t\t\t\t<\/div>\n\t\t\t\t<\/div>\n\t\t\t\t<div class=\"elementor-element elementor-element-d927d79 elementor-widget elementor-widget-jet-smart-filters-remove-filters hide-widget\" data-id=\"d927d79\" data-element_type=\"widget\" data-settings=\"{&quot;_ob_shadough_use&quot;:&quot;no&quot;,&quot;_ob_allow_hoveranimator&quot;:&quot;no&quot;}\" data-widget_type=\"jet-smart-filters-remove-filters.default\">\n\t\t\t\t<div class=\"elementor-widget-container\">\n\t\t\t\t\t<div class=\"jet-smart-filters-remove-filters jet-filter\"><div class=\"jet-remove-all-filters hide\">\n\t<button\n\t\ttype=\"button\"\n\t\tclass=\"jet-remove-all-filters__button\"\n\t\tdata-content-provider=\"jet-woo-products-grid\"\n\t\tdata-additional-providers=\"\"\n\t\tdata-apply-type=\"ajax\"\n\t\tdata-query-id=\"default\"\n\t\t\t>\n\t\tFilter zur\u00fccksetzen\t<\/button>\n<\/div><\/div>\t\t\t\t<\/div>\n\t\t\t\t<\/div>\n\t\t\t\t<\/div>\n\t\t\t\t\t<\/div>\n\t\t\t\t<\/div>\n\t\t\t\t<section class=\"elementor-section elementor-top-section elementor-element elementor-element-74da738 elementor-section-boxed elementor-section-height-default elementor-section-height-default\" data-id=\"74da738\" data-element_type=\"section\" data-settings=\"{&quot;jet_parallax_layout_list&quot;:[{&quot;jet_parallax_layout_image&quot;:{&quot;url&quot;:&quot;&quot;,&quot;id&quot;:&quot;&quot;,&quot;size&quot;:&quot;&quot;},&quot;_id&quot;:&quot;ccf99b5&quot;,&quot;jet_parallax_layout_image_tablet_extra&quot;:{&quot;url&quot;:&quot;&quot;,&quot;id&quot;:&quot;&quot;,&quot;size&quot;:&quot;&quot;},&quot;jet_parallax_layout_image_tablet&quot;:{&quot;url&quot;:&quot;&quot;,&quot;id&quot;:&quot;&quot;,&quot;size&quot;:&quot;&quot;},&quot;jet_parallax_layout_image_mobile_extra&quot;:{&quot;url&quot;:&quot;&quot;,&quot;id&quot;:&quot;&quot;,&quot;size&quot;:&quot;&quot;},&quot;jet_parallax_layout_image_mobile&quot;:{&quot;url&quot;:&quot;&quot;,&quot;id&quot;:&quot;&quot;,&quot;size&quot;:&quot;&quot;},&quot;jet_parallax_layout_speed&quot;:{&quot;unit&quot;:&quot;%&quot;,&quot;size&quot;:50,&quot;sizes&quot;:[]},&quot;jet_parallax_layout_type&quot;:&quot;scroll&quot;,&quot;jet_parallax_layout_direction&quot;:&quot;1&quot;,&quot;jet_parallax_layout_fx_direction&quot;:null,&quot;jet_parallax_layout_z_index&quot;:&quot;&quot;,&quot;jet_parallax_layout_bg_x&quot;:50,&quot;jet_parallax_layout_bg_x_tablet_extra&quot;:&quot;&quot;,&quot;jet_parallax_layout_bg_x_tablet&quot;:&quot;&quot;,&quot;jet_parallax_layout_bg_x_mobile_extra&quot;:&quot;&quot;,&quot;jet_parallax_layout_bg_x_mobile&quot;:&quot;&quot;,&quot;jet_parallax_layout_bg_y&quot;:50,&quot;jet_parallax_layout_bg_y_tablet_extra&quot;:&quot;&quot;,&quot;jet_parallax_layout_bg_y_tablet&quot;:&quot;&quot;,&quot;jet_parallax_layout_bg_y_mobile_extra&quot;:&quot;&quot;,&quot;jet_parallax_layout_bg_y_mobile&quot;:&quot;&quot;,&quot;jet_parallax_layout_bg_size&quot;:&quot;auto&quot;,&quot;jet_parallax_layout_bg_size_tablet_extra&quot;:&quot;&quot;,&quot;jet_parallax_layout_bg_size_tablet&quot;:&quot;&quot;,&quot;jet_parallax_layout_bg_size_mobile_extra&quot;:&quot;&quot;,&quot;jet_parallax_layout_bg_size_mobile&quot;:&quot;&quot;,&quot;jet_parallax_layout_animation_prop&quot;:&quot;transform&quot;,&quot;jet_parallax_layout_on&quot;:[&quot;desktop&quot;,&quot;tablet&quot;]}]}\">\n\t\t\t\t\t\t<div class=\"elementor-container elementor-column-gap-default\">\n\t\t\t\t\t<div class=\"elementor-column elementor-col-100 elementor-top-column elementor-element elementor-element-a596867\" data-id=\"a596867\" data-element_type=\"column\" data-settings=\"{&quot;_ob_column_hoveranimator&quot;:&quot;no&quot;,&quot;_ob_column_has_pseudo&quot;:&quot;no&quot;}\">\n\t\t\t<div class=\"elementor-widget-wrap elementor-element-populated\">\n\t\t\t\t\t\t<div class=\"elementor-element elementor-element-e0dc9cf elementor-widget elementor-widget-jet-woo-products\" data-id=\"e0dc9cf\" data-element_type=\"widget\" data-settings=\"{&quot;columns&quot;:&quot;3&quot;,&quot;_ob_shadough_use&quot;:&quot;no&quot;,&quot;_ob_allow_hoveranimator&quot;:&quot;no&quot;}\" data-widget_type=\"jet-woo-products.default\">\n\t\t\t\t<div class=\"elementor-widget-container\">\n\t\t\t\t\t<div class=\"elementor-jet-woo-products jet-woo-builder\"><div class=\"jet-woo-products jet-woo-products--preset-4 col-row  jet-equal-cols\" data-mobile-hover=\"\" >\n<div class=\"jet-woo-products__item jet-woo-builder-product\" data-product-id=\"20180\">\n\t<div class=\"jet-woo-products__inner-box\"  >\n\t\t\n<div class=\"jet-woo-products__thumb-wrap\">\n\t\n<div class=\"jet-woo-product-thumbnail\">\n\t\n\t<a href=\"https:\/\/bestmedical.shop\/en\/product\/ffp2-mask-for-children-europapa\/\" ><img fetchpriority=\"high\" decoding=\"async\" width=\"850\" height=\"850\" src=\"https:\/\/bestmedical.shop\/wp-content\/uploads\/bm_Europapa_Kindermasken_20x_003-850x850.jpeg\" class=\"attachment-woocommerce_thumbnail size-woocommerce_thumbnail\" alt=\"Europapa Kindermasken FFP2 Schachtel schr\u00e4g vorne\" srcset=\"https:\/\/bestmedical.shop\/wp-content\/uploads\/bm_Europapa_Kindermasken_20x_003-850x850.jpeg 850w, https:\/\/bestmedical.shop\/wp-content\/uploads\/bm_Europapa_Kindermasken_20x_003-250x250.jpeg 250w, https:\/\/bestmedical.shop\/wp-content\/uploads\/bm_Europapa_Kindermasken_20x_003-100x100.jpeg 100w\" sizes=\"(max-width: 850px) 100vw, 850px\" title=\"\"><\/a>\n\t<div class=\"jet-woo-product-img-overlay\"><\/div>\n\n\t\n\t<\/div>\n\t<div class=\"jet-woo-products-cqw-wrapper cqw-horizontal-view \">\n\t\t\t<\/div>\n<\/div>\n\n<div class=\"jet-woo-products__item-content\">\n\t\n<div class=\"jet-woo-product-sku\"><span class=\"sku\">Y162<\/span><\/div>\n<div class=\"jet-woo-product-stock-status\"><div class=\"jet-woo-product-stock-status__in-stock\">Auf Lager<\/div><\/div>\n<h2 class=\"jet-woo-product-title\" ><a href=\"https:\/\/bestmedical.shop\/en\/product\/ffp2-mask-for-children-europapa\/\" >FFP2 mask for children \u2013 EUROPAPA<\/a><\/h2>\n<div class=\"jet-woo-product-price\">\n\t<span class=\"price\">\t\t<span class=\"tiered-pricing-dynamic-price-wrapper\"\n\t\t\t  data-display-context=\"shop-loop\"\n\t\t\t  data-price-type=\"dynamic\"\n\t\t\t  data-product-id=\"20180\"\n\t\t\t  data-parent-id=\"20180\">\n\t\t\t<span class=\"woocommerce-Price-amount amount\"><bdi>8,00&nbsp;<span class=\"woocommerce-Price-currencySymbol\">&euro;<\/span><\/bdi><\/span> <small class=\"woocommerce-price-suffix\"><span class=\"tiered-pricing-dynamic-price__excluding_tax\"><span class=\"woocommerce-Price-amount amount\"><bdi>6,72&nbsp;<span class=\"woocommerce-Price-currencySymbol\">&euro;<\/span><\/bdi><\/span><\/span> exkl. MwSt.<\/small><\/span><\/span>\n<\/div>\n\t<div class=\"hovered-content\">\n\t\t\n<div class=\"jet-woo-product-excerpt\">\n\tFFP2 respirator for children<\/div>\t<\/div>\n<\/div>\t<\/div>\n\n\t<\/div>\n<div class=\"jet-woo-products__item jet-woo-builder-product\" data-product-id=\"15761\">\n\t<div class=\"jet-woo-products__inner-box\"  >\n\t\t\n<div class=\"jet-woo-products__thumb-wrap\">\n\t\n<div class=\"jet-woo-product-thumbnail\">\n\t\n\t<a href=\"https:\/\/bestmedical.shop\/en\/product\/best-medical-type-iir-disposable-medical-masks\/\" ><img decoding=\"async\" width=\"850\" height=\"850\" src=\"https:\/\/bestmedical.shop\/wp-content\/uploads\/bm_best_Masken_TypIIR_blau_50x_006-850x850.png\" class=\"attachment-woocommerce_thumbnail size-woocommerce_thumbnail\" alt=\"\" srcset=\"https:\/\/bestmedical.shop\/wp-content\/uploads\/bm_best_Masken_TypIIR_blau_50x_006-850x850.png 850w, https:\/\/bestmedical.shop\/wp-content\/uploads\/bm_best_Masken_TypIIR_blau_50x_006-100x100.png 100w, https:\/\/bestmedical.shop\/wp-content\/uploads\/best_medical_TYP-IIR_blau_vorne-1-450x450.png 450w, https:\/\/bestmedical.shop\/wp-content\/uploads\/best_medical_TYP-IIR_blau_vorne-1-1024x1024.png 1024w, https:\/\/bestmedical.shop\/wp-content\/uploads\/best_medical_TYP-IIR_blau_vorne-1-250x250.png 250w, https:\/\/bestmedical.shop\/wp-content\/uploads\/best_medical_TYP-IIR_blau_vorne-1-768x768.png 768w, https:\/\/bestmedical.shop\/wp-content\/uploads\/best_medical_TYP-IIR_blau_vorne-1-1536x1536.png 1536w, https:\/\/bestmedical.shop\/wp-content\/uploads\/bm_best_Masken_TypIIR_blau_50x_006.png 1080w\" sizes=\"(max-width: 850px) 100vw, 850px\" title=\"\"><\/a>\n\t<div class=\"jet-woo-product-img-overlay\"><\/div>\n\n\t\n\t<\/div>\n\t<div class=\"jet-woo-products-cqw-wrapper cqw-horizontal-view \">\n\t\t\t<\/div>\n<\/div>\n\n<div class=\"jet-woo-products__item-content\">\n\t\n<div class=\"jet-woo-product-sku\"><span class=\"sku\">Y157-Y158<\/span><\/div>\n<div class=\"jet-woo-product-stock-status\"><div class=\"jet-woo-product-stock-status__in-stock\">Auf Lager<\/div><\/div>\n<h2 class=\"jet-woo-product-title\" ><a href=\"https:\/\/bestmedical.shop\/en\/product\/best-medical-type-iir-disposable-medical-masks\/\" >best medical TYPE IIR disposable medical masks<\/a><\/h2>\n<div class=\"jet-woo-product-price\">\n\t<span class=\"price\">\t\t<span class=\"tiered-pricing-dynamic-price-wrapper tiered-pricing-dynamic-price-wrapper--variable\"\n\t\t\t  data-display-context=\"shop-loop\"\n\t\t\t  data-price-type=\"dynamic\"\n\t\t\t  data-product-id=\"15761\"\n\t\t\t  data-parent-id=\"15761\">\n\t\t\t<span class=\"woocommerce-Price-amount amount\"><bdi>4,46&nbsp;<span class=\"woocommerce-Price-currencySymbol\">&euro;<\/span><\/bdi><\/span><\/span><\/span>\n<\/div>\n\t<div class=\"hovered-content\">\n\t\t\t<\/div>\n<\/div>\t<\/div>\n\n\t<\/div>\n<div class=\"jet-woo-products__item jet-woo-builder-product\" data-product-id=\"15768\">\n\t<div class=\"jet-woo-products__inner-box\"  >\n\t\t\n<div class=\"jet-woo-products__thumb-wrap\">\n\t\n<div class=\"jet-woo-product-thumbnail\">\n\t\n\t<a href=\"https:\/\/bestmedical.shop\/en\/product\/best-medical-type-iir-disposable-medical-masks-for-children\/\" ><img decoding=\"async\" width=\"850\" height=\"850\" src=\"https:\/\/bestmedical.shop\/wp-content\/uploads\/bm_best_Masken_Kids_blau_50x_007-850x850.png\" class=\"attachment-woocommerce_thumbnail size-woocommerce_thumbnail\" alt=\"\" srcset=\"https:\/\/bestmedical.shop\/wp-content\/uploads\/bm_best_Masken_Kids_blau_50x_007-850x850.png 850w, https:\/\/bestmedical.shop\/wp-content\/uploads\/bm_best_Masken_Kids_blau_50x_007-100x100.png 100w, https:\/\/bestmedical.shop\/wp-content\/uploads\/best_medical_TYP-IIR_best4kids_blau_vorne-1-450x450.png 450w, https:\/\/bestmedical.shop\/wp-content\/uploads\/best_medical_TYP-IIR_best4kids_blau_vorne-1-1024x1024.png 1024w, https:\/\/bestmedical.shop\/wp-content\/uploads\/best_medical_TYP-IIR_best4kids_blau_vorne-1-250x250.png 250w, https:\/\/bestmedical.shop\/wp-content\/uploads\/best_medical_TYP-IIR_best4kids_blau_vorne-1-768x768.png 768w, https:\/\/bestmedical.shop\/wp-content\/uploads\/best_medical_TYP-IIR_best4kids_blau_vorne-1-1536x1536.png 1536w, https:\/\/bestmedical.shop\/wp-content\/uploads\/bm_best_Masken_Kids_blau_50x_007.png 1080w\" sizes=\"(max-width: 850px) 100vw, 850px\" title=\"\"><\/a>\n\t<div class=\"jet-woo-product-img-overlay\"><\/div>\n\n\t\n\t<\/div>\n\t<div class=\"jet-woo-products-cqw-wrapper cqw-horizontal-view \">\n\t\t\t<\/div>\n<\/div>\n\n<div class=\"jet-woo-products__item-content\">\n\t\n<div class=\"jet-woo-product-sku\"><span class=\"sku\">Y159-Y161<\/span><\/div>\n<div class=\"jet-woo-product-stock-status\"><div class=\"jet-woo-product-stock-status__in-stock\">Auf Lager<\/div><\/div>\n<h2 class=\"jet-woo-product-title\" ><a href=\"https:\/\/bestmedical.shop\/en\/product\/best-medical-type-iir-disposable-medical-masks-for-children\/\" >best medical TYPE IIR disposable medical masks for children<\/a><\/h2>\n<div class=\"jet-woo-product-price\">\n\t<span class=\"price\">\t\t<span class=\"tiered-pricing-dynamic-price-wrapper tiered-pricing-dynamic-price-wrapper--variable\"\n\t\t\t  data-display-context=\"shop-loop\"\n\t\t\t  data-price-type=\"dynamic\"\n\t\t\t  data-product-id=\"15768\"\n\t\t\t  data-parent-id=\"15768\">\n\t\t\t<span class=\"woocommerce-Price-amount amount\"><bdi>4,46&nbsp;<span class=\"woocommerce-Price-currencySymbol\">&euro;<\/span><\/bdi><\/span><\/span><\/span>\n<\/div>\n\t<div class=\"hovered-content\">\n\t\t\t<\/div>\n<\/div>\t<\/div>\n\n\t<\/div>\n<div class=\"jet-woo-products__item jet-woo-builder-product\" data-product-id=\"24882\">\n\t<div class=\"jet-woo-products__inner-box\"  >\n\t\t\n<div class=\"jet-woo-products__thumb-wrap\">\n\t\n<div class=\"jet-woo-product-thumbnail\">\n\t\n\t<a href=\"https:\/\/bestmedical.shop\/en\/product\/kingfa-ffp2-nr-single-packed\/\" ><img loading=\"lazy\" decoding=\"async\" width=\"850\" height=\"850\" src=\"https:\/\/bestmedical.shop\/wp-content\/uploads\/bm_Kingfa_Maske_10x_008-850x850.png\" class=\"attachment-woocommerce_thumbnail size-woocommerce_thumbnail\" alt=\"Schachtel mit 10 St\u00fcck KINGFA FFP2 NR D in wei\u00df\" srcset=\"https:\/\/bestmedical.shop\/wp-content\/uploads\/bm_Kingfa_Maske_10x_008-850x850.png 850w, https:\/\/bestmedical.shop\/wp-content\/uploads\/bm_Kingfa_Maske_10x_008-450x450.png 450w, https:\/\/bestmedical.shop\/wp-content\/uploads\/bm_Kingfa_Maske_10x_008-1024x1024.png 1024w, https:\/\/bestmedical.shop\/wp-content\/uploads\/bm_Kingfa_Maske_10x_008-250x250.png 250w, https:\/\/bestmedical.shop\/wp-content\/uploads\/bm_Kingfa_Maske_10x_008-768x768.png 768w, https:\/\/bestmedical.shop\/wp-content\/uploads\/bm_Kingfa_Maske_10x_008-100x100.png 100w, https:\/\/bestmedical.shop\/wp-content\/uploads\/bm_Kingfa_Maske_10x_008.png 1080w\" sizes=\"(max-width: 850px) 100vw, 850px\" title=\"\"><\/a>\n\t<div class=\"jet-woo-product-img-overlay\"><\/div>\n\n\t<div class=\"jet-woo-product-badges\"><div class=\"jet-woo-product-badge jet-woo-product-badge__sale\">-36&#37;<\/div><\/div>\n\t<\/div>\n\t<div class=\"jet-woo-products-cqw-wrapper cqw-horizontal-view \">\n\t\t\t<\/div>\n<\/div>\n\n<div class=\"jet-woo-products__item-content\">\n\t\n<div class=\"jet-woo-product-sku\"><span class=\"sku\">Y163 \u2013 Y164<\/span><\/div>\n<div class=\"jet-woo-product-stock-status\"><div class=\"jet-woo-product-stock-status__in-stock\">Auf Lager<\/div><\/div>\n<h2 class=\"jet-woo-product-title\" ><a href=\"https:\/\/bestmedical.shop\/en\/product\/kingfa-ffp2-nr-single-packed\/\" >KINGFA FFP2 NR D individually packed (10 pcs.)<\/a><\/h2>\n<div class=\"jet-woo-product-price\">\n\t<span class=\"price\">\t\t<span class=\"tiered-pricing-dynamic-price-wrapper tiered-pricing-dynamic-price-wrapper--variable\"\n\t\t\t  data-display-context=\"shop-loop\"\n\t\t\t  data-price-type=\"dynamic\"\n\t\t\t  data-product-id=\"24882\"\n\t\t\t  data-parent-id=\"24882\">\n\t\t\t<del aria-hidden=\"true\"><span class=\"woocommerce-Price-amount amount\"><bdi>2,98&nbsp;<span class=\"woocommerce-Price-currencySymbol\">&euro;<\/span><\/bdi><\/span><\/del> <span class=\"screen-reader-text\">Original price was: 2,98&nbsp;&euro;.<\/span><ins aria-hidden=\"true\"><span class=\"woocommerce-Price-amount amount\"><bdi>1,90&nbsp;<span class=\"woocommerce-Price-currencySymbol\">&euro;<\/span><\/bdi><\/span><\/ins><span class=\"screen-reader-text\">Current price is: 1,90&nbsp;&euro;.<\/span><\/span><\/span>\n<\/div>\n\t<div class=\"hovered-content\">\n\t\t\n<div class=\"jet-woo-product-excerpt\">\n\tParticle filter half mask | Individually packed Dolomite dust tested...<\/div>\t<\/div>\n<\/div>\t<\/div>\n\n\t<\/div><\/div>\n<\/div>\t\t\t\t<\/div>\n\t\t\t\t<\/div>\n\t\t\t\t\t<\/div>\n\t\t<\/div>\n\t\t\t\t\t<\/div>\n\t\t<\/section>\n\t\t\t\t<\/div>\n\t\t","protected":false},"excerpt":{"rendered":"<p>Respirators Produktfilter setzen Sie k\u00f6nnen mehrere Filter gleichzeitig setzen und auch wieder abw\u00e4hlen. [searchandfilter id=&#8221;wpf_609106158a092&#8243;] Filter products Produkte filtern Atemschutzmasken f\u00fcr Kinder (0) FFP2 (0) FFP3 (0) TYP IIR (0) Filter zur\u00fccksetzen Y155-Y156 Auf Lager best medical FFP2 Atemschutzmaske 3,60&nbsp;&euro; Y157-Y158 Auf Lager best medical TYP IIR Medizinische Einwegmasken 2,50&nbsp;&euro; Y159-Y161 Auf Lager best medical [&hellip;]<\/p>\n","protected":false},"author":2,"featured_media":0,"parent":0,"menu_order":20,"comment_status":"closed","ping_status":"closed","template":"","meta":{"_acf_changed":false,"footnotes":""},"class_list":["post-7018","page","type-page","status-publish","hentry"],"acf":[],"_links":{"self":[{"href":"https:\/\/bestmedical.shop\/en\/wp-json\/wp\/v2\/pages\/7018","targetHints":{"allow":["GET"]}}],"collection":[{"href":"https:\/\/bestmedical.shop\/en\/wp-json\/wp\/v2\/pages"}],"about":[{"href":"https:\/\/bestmedical.shop\/en\/wp-json\/wp\/v2\/types\/page"}],"author":[{"embeddable":true,"href":"https:\/\/bestmedical.shop\/en\/wp-json\/wp\/v2\/users\/2"}],"replies":[{"embeddable":true,"href":"https:\/\/bestmedical.shop\/en\/wp-json\/wp\/v2\/comments?post=7018"}],"version-history":[{"count":10,"href":"https:\/\/bestmedical.shop\/en\/wp-json\/wp\/v2\/pages\/7018\/revisions"}],"predecessor-version":[{"id":20466,"href":"https:\/\/bestmedical.shop\/en\/wp-json\/wp\/v2\/pages\/7018\/revisions\/20466"}],"wp:attachment":[{"href":"https:\/\/bestmedical.shop\/en\/wp-json\/wp\/v2\/media?parent=7018"}],"curies":[{"name":"wp","href":"https:\/\/api.w.org\/{rel}","templated":true}]}}