{"id":4365,"date":"2021-08-10T15:28:31","date_gmt":"2021-08-10T13:28:31","guid":{"rendered":"https:\/\/covid.bestmedical.de\/politica-di-cancellazione\/"},"modified":"2021-08-10T15:28:31","modified_gmt":"2021-08-10T13:28:31","slug":"politica-di-cancellazione","status":"publish","type":"page","link":"https:\/\/bestmedical.shop\/it\/politica-di-cancellazione\/","title":{"rendered":"Politica di cancellazione"},"content":{"rendered":"<p>Diritto di recesso per i consumatori<\/p>\n<p>(Un consumatore \u00e8 qualsiasi persona fisica che entra in un negozio giuridico per fini che non possono essere attribuiti in modo predominante n\u00e9 alla sua attivit\u00e0 commerciale n\u00e9 alla sua attivit\u00e0 professionale indipendente).<\/p>\n<p>Politica di cancellazione<br \/>\nDiritto di recesso<\/p>\n<p>Lei ha il diritto di annullare il presente contratto entro quattordici giorni senza fornire alcuna motivazione.<\/p>\n<p>Il periodo di revoca \u00e8 di quattordici giorni dal giorno,<\/p>\n<p>in cui lei o un terzo da lei nominato, che non sia il trasportatore, ha preso possesso della merce, se lei ha ordinato una o pi\u00f9 merci come parte di un ordine uniforme e queste sono o saranno consegnate in modo uniforme, o<br \/>\nin cui lei o un terzo da lei nominato, che non sia il trasportatore, ha preso\u00a0 possesso dell&#8217;ultima merce, se lei ha ordinato diverse merci come parte di un unico ordine e queste sono consegnate separatamente, o<br \/>\nin cui lei o un terzo da lei designato, che non sia il trasportatore, ha preso possesso dell&#8217;ultima spedizione parziale o dell&#8217;ultimo pezzo, se lei ha ordinato merci che sono consegnate in pi\u00f9 spedizioni parziali o pezzi, o<br \/>\nil giorno in cui lei o un terzo da lei designato, che non sia il trasportatore, ha preso possesso della prima merce, se lei ha concluso un contratto per la consegna regolare di merci in un periodo di tempo determinato.<\/p>\n<p>Per esercitare il Suo diritto di recesso, deve informarci (best medical GmbH, Heudorfer Stra\u00dfe 32, 78576 Emmingen-Liptingen, Germania, numero di telefono: +49 7467 910590, indirizzo e-mail: info@bestmedical.biz, numero di fax: +49 7467 91059-20) con una dichiarazione chiara (ad esempio una lettera inviata per posta, e-mail o fax) della Sua decisione di recedere dal presente contratto. A questo scopo potete usare il modello di modulo di ritiro allegato, che per\u00f2 non \u00e8 obbligatorio.<\/p>\n<p>Per rispettare il periodo di cancellazione, \u00e8 sufficiente che lei invii la notifica dell&#8217;esercizio del diritto di cancellazione prima della scadenza del periodo di cancellazione.<\/p>\n<p>Conseguenze della revoca<\/p>\n<p>Se lei recede da questo contratto, dobbiamo rimborsare tutti i pagamenti che abbiamo ricevuto da lei, compresi i costi di consegna (ad eccezione dei costi aggiuntivi derivanti dal fatto che lei ha scelto un tipo di consegna diverso dalla consegna standard pi\u00f9 economica da noi offerta), senza ritardo e al massimo entro quattordici giorni dal giorno in cui abbiamo ricevuto la notifica del suo recesso da questo contratto. Per questo rimborso, useremo lo stesso mezzo di pagamento che hai usato per la transazione originale, a meno che non sia stato espressamente concordato diversamente con te; in nessun caso ti verr\u00e0 addebitato questo rimborso.<\/p>\n<p>Possiamo rifiutare il rimborso fino a quando non abbiamo ricevuto la merce indietro o fino a quando non avete fornito la prova che avete restituito la merce, qualunque sia la prima.<\/p>\n<p>Lei deve restituire o consegnare la merce a best medical GmbH, Take-Off-Gewerbepark 3, D-78579 Neuhausen ob Eck senza indugio e in ogni caso non oltre quattordici giorni dal giorno in cui Lei ci comunica la revoca del presente contratto. Il termine \u00e8 rispettato se si invia la merce prima della scadenza del periodo di quattordici giorni.<\/p>\n<p>I costi diretti della restituzione della merce sono a vostro carico.<\/p>\n<p>Lei dovr\u00e0 pagare per qualsiasi perdita di valore della merce solo se questa perdita di valore \u00e8 dovuta alla manipolazione della merce, le propriet\u00e0 e il funzionamento della merce.<\/p>\n<p>Modulo di cancellazione campione<\/p>\n<p>(Se vuole annullare il contratto, compili questo modulo e lo rispedisca).<\/p>\n<p>&#8211; A<\/p>\n<p>best medical GmbH, Heudorfer Stra\u00dfe 32, 78576 Emmingen-Liptingen, Germania, numero di telefono: +49 7467 910590, indirizzo e-mail: info@bestmedical.biz, numero di fax: +49 7467 91059-20<\/p>\n<p>&#8211; Io\/noi (*) revochiamo il contratto concluso da me\/noi (*) per l&#8217;acquisto dei seguenti beni (*)\/la fornitura del seguente servizio (*)<\/p>\n<p>&#8211; Ordinato il (*)\/ricevuto il (*)<\/p>\n<p>&#8211; Nome del consumatore (i)<\/p>\n<p>&#8211; Indirizzo del consumatore(i)<\/p>\n<p>&#8211; Firma del\/i consumatore\/i (solo in caso di comunicazione cartacea)<\/p>\n<p>&#8211; Data(e)<\/p>\n<p>___________<br \/>\n(*) Cancellare dove inapplicabile.<\/p>\n","protected":false},"excerpt":{"rendered":"<p>Diritto di recesso per i consumatori (Un consumatore \u00e8 qualsiasi persona fisica che entra in un negozio giuridico per fini che non possono essere attribuiti in modo predominante n\u00e9 alla sua attivit\u00e0 commerciale n\u00e9 alla sua attivit\u00e0 professionale indipendente). Politica di cancellazione Diritto di recesso Lei ha il diritto di annullare il presente contratto entro [&hellip;]<\/p>\n","protected":false},"author":2,"featured_media":0,"parent":0,"menu_order":210,"comment_status":"closed","ping_status":"closed","template":"","meta":{"_acf_changed":false,"footnotes":""},"class_list":["post-4365","page","type-page","status-publish","hentry"],"acf":[],"_links":{"self":[{"href":"https:\/\/bestmedical.shop\/it\/wp-json\/wp\/v2\/pages\/4365","targetHints":{"allow":["GET"]}}],"collection":[{"href":"https:\/\/bestmedical.shop\/it\/wp-json\/wp\/v2\/pages"}],"about":[{"href":"https:\/\/bestmedical.shop\/it\/wp-json\/wp\/v2\/types\/page"}],"author":[{"embeddable":true,"href":"https:\/\/bestmedical.shop\/it\/wp-json\/wp\/v2\/users\/2"}],"replies":[{"embeddable":true,"href":"https:\/\/bestmedical.shop\/it\/wp-json\/wp\/v2\/comments?post=4365"}],"version-history":[{"count":0,"href":"https:\/\/bestmedical.shop\/it\/wp-json\/wp\/v2\/pages\/4365\/revisions"}],"wp:attachment":[{"href":"https:\/\/bestmedical.shop\/it\/wp-json\/wp\/v2\/media?parent=4365"}],"curies":[{"name":"wp","href":"https:\/\/api.w.org\/{rel}","templated":true}]}}