{"id":20183,"date":"2022-04-20T17:09:28","date_gmt":"2022-04-20T15:09:28","guid":{"rendered":"https:\/\/bestmedical.shop\/produkt\/stazione-di-lavoro-per-tubi-di-amplificazione-kewei\/"},"modified":"2022-04-20T17:09:28","modified_gmt":"2022-04-20T15:09:28","slug":"stazione-di-lavoro-per-tubi-di-amplificazione-kewei","status":"publish","type":"product","link":"https:\/\/bestmedical.shop\/it\/prodotto\/stazione-di-lavoro-per-tubi-di-amplificazione-kewei\/","title":{"rendered":"Stazione di lavoro per tubi di amplificazione Kewei"},"content":{"rendered":"<p><strong>Stazione di lavoro\/supporto per provette di amplificazione PCR, chiamata anche rack per provette PCR.<\/strong><\/p>\n<p>Adatto per provette di amplificazione da 0,2 ml di Kewei o NEST.<\/p>\n<p>12 file da 8 (96 in totale). Colori giallo, blu, verde o viola<\/p>\n<p><strong>ATTENZIONE:<\/strong> Il colore non pu\u00f2 essere selezionato e pu\u00f2 essere fornito in una delle tonalit\u00e0 elencate.<\/p>\n","protected":false},"excerpt":{"rendered":"<p>12 x 8 file (96 in totale)<\/p>\n","protected":false},"featured_media":19633,"template":"","meta":{"_acf_changed":false},"product_brand":[],"product_cat":[257,920,922,513],"product_tag":[921,782],"class_list":{"0":"post-20183","1":"product","2":"type-product","3":"status-publish","4":"has-post-thumbnail","6":"product_cat-analizzatori-tests-it","7":"product_cat-best-pcr-solution-it","8":"product_cat-accessori-per-kit-di-test-pcr","9":"product_cat-pcr-testgeraet-it","10":"product_tag-best-pcr-solution-it","11":"product_tag-pcr-test-it","13":"first","14":"instock","15":"featured","16":"taxable","17":"shipping-taxable","18":"purchasable","19":"product-type-simple"},"acf":[],"tiered_pricing_type":"fixed","tiered_pricing_fixed_rules":[],"tiered_pricing_product_settings":{"layout":"default","base_unit_name":{"singular":null,"plural":null},"default_variation":null},"tiered_pricing_minimum_quantity":null,"tiered_pricing_roles_data":[],"tiered_pricing_percentage_rules":[],"tiered_pricing_maximum_quantity":null,"tiered_pricing_quantity_step":null,"_links":{"self":[{"href":"https:\/\/bestmedical.shop\/it\/wp-json\/wp\/v2\/product\/20183","targetHints":{"allow":["GET"]}}],"collection":[{"href":"https:\/\/bestmedical.shop\/it\/wp-json\/wp\/v2\/product"}],"about":[{"href":"https:\/\/bestmedical.shop\/it\/wp-json\/wp\/v2\/types\/product"}],"version-history":[{"count":0,"href":"https:\/\/bestmedical.shop\/it\/wp-json\/wp\/v2\/product\/20183\/revisions"}],"wp:featuredmedia":[{"embeddable":true,"href":"https:\/\/bestmedical.shop\/it\/wp-json\/wp\/v2\/media\/19633"}],"wp:attachment":[{"href":"https:\/\/bestmedical.shop\/it\/wp-json\/wp\/v2\/media?parent=20183"}],"wp:term":[{"taxonomy":"product_brand","embeddable":true,"href":"https:\/\/bestmedical.shop\/it\/wp-json\/wp\/v2\/product_brand?post=20183"},{"taxonomy":"product_cat","embeddable":true,"href":"https:\/\/bestmedical.shop\/it\/wp-json\/wp\/v2\/product_cat?post=20183"},{"taxonomy":"product_tag","embeddable":true,"href":"https:\/\/bestmedical.shop\/it\/wp-json\/wp\/v2\/product_tag?post=20183"}],"curies":[{"name":"wp","href":"https:\/\/api.w.org\/{rel}","templated":true}]}}