{"id":24887,"date":"2022-07-14T14:20:18","date_gmt":"2022-07-14T12:20:18","guid":{"rendered":"https:\/\/bestmedical.shop\/kingfa-ffp2-nr-singolo-imballato\/"},"modified":"2022-07-14T14:20:18","modified_gmt":"2022-07-14T12:20:18","slug":"kingfa-ffp2-nr-singolo-imballato","status":"publish","type":"product","link":"https:\/\/bestmedical.shop\/it\/prodotto\/kingfa-ffp2-nr-singolo-imballato\/","title":{"rendered":"KINGFA FFP2 NR D confezionato singolarmente (10 pz.)"},"content":{"rendered":"<p><strong>KINGFA FFP2 NR D semimaschera con filtro antiparticolato, polvere di dolomite testata secondo EN 149:2001 + A1:2009<\/strong><\/p>\n<p>Le maschere Kingfa FFP2 NR D hanno un&#8217;ottima vestibilit\u00e0 e possono essere indossate comodamente per lunghi periodi. La parte del naso \u00e8 imbottita di schiuma e quindi ha una vestibilit\u00e0 molto confortevole. Le maschere sono confezionate singolarmente e disponibili nei colori blu navy, bianco e verde.<\/p>\n<p>Polvere di dolomia testata<\/p>\n<p>Il test secondo la norma EN 149 (test della polvere di dolomite) \u00e8 un test volontario e sottopone la maschera a una prova di resistenza assoluta.<br \/>\nIn materia di salute e sicurezza sul lavoro, questo test \u00e8 addirittura un requisito di base e la maschera riceve il marchio D dopo averlo superato.<\/p>\n<p>Per l&#8217;uso in campo medico per la protezione dalle infezioni, questo test significa maggiore sicurezza, poich\u00e9 le maschere KINGFA FFP2 hanno una maggiore capacit\u00e0 di filtraggio e un&#8217;altissima capacit\u00e0 di assorbimento.<\/p>\n<p>Dettagli tecnici:<\/p>\n<p>Efficienza di filtrazione delle particelle (PFE) \u2265 94%.<br \/>\nResistenza respiratoria (inalazione, 30 L\/min): \u2264 0,7mbar<br \/>\nResistenza respiratoria (inalazione, 95 L\/min) : \u2264 2,4mbar<br \/>\nResistenza respiratoria (espirazione, 1600 L\/min): \u2264 3,0mbar<br \/>\nPerdita totale verso l&#8217;interno (TIL): per le semimaschere con filtro antiparticolato, come specificato dal fabbricante, almeno 46 dei 50 risultati delle singole esercitazioni per la perdita totale verso l&#8217;interno non devono essere superiori all&#8217;11% per FFP2, e inoltre almeno 8 delle 10 medie aritmetiche dei singoli indossatori per la perdita totale verso l&#8217;interno non devono essere superiori all&#8217;8% per FFP2.<br \/>\nInfiammabilit\u00e0: \u2264 5S<br \/>\nSpazio morto: \u2264 1,0%.<\/p>\n","protected":false},"excerpt":{"rendered":"<p>Filtro antiparticolato a mezza maschera | Confezionato singolarmente<br \/>\nPolvere di dolomia testata secondo la norma EN 149<\/p>\n","protected":false},"featured_media":22023,"template":"","meta":{"_acf_changed":false},"product_brand":[],"product_cat":[975,163,160],"product_tag":[],"class_list":{"0":"post-24887","1":"product","2":"type-product","3":"status-publish","4":"has-post-thumbnail","6":"product_cat-ffp2-nr-d-it","7":"product_cat-mascherine-it","8":"product_cat-ffp2-it","10":"first","11":"instock","12":"sale","13":"featured","14":"taxable","15":"shipping-taxable","16":"purchasable","17":"product-type-variable","18":"has-default-attributes"},"acf":[],"tiered_pricing_type":"fixed","tiered_pricing_fixed_rules":{"10":"1.67","25":"1.43","50":"1.19","100":"0.95"},"tiered_pricing_product_settings":{"layout":"default","base_unit_name":{"singular":null,"plural":null},"default_variation":null},"tiered_pricing_minimum_quantity":null,"tiered_pricing_roles_data":[],"tiered_pricing_percentage_rules":[],"tiered_pricing_maximum_quantity":null,"tiered_pricing_quantity_step":null,"_links":{"self":[{"href":"https:\/\/bestmedical.shop\/it\/wp-json\/wp\/v2\/product\/24887","targetHints":{"allow":["GET"]}}],"collection":[{"href":"https:\/\/bestmedical.shop\/it\/wp-json\/wp\/v2\/product"}],"about":[{"href":"https:\/\/bestmedical.shop\/it\/wp-json\/wp\/v2\/types\/product"}],"version-history":[{"count":0,"href":"https:\/\/bestmedical.shop\/it\/wp-json\/wp\/v2\/product\/24887\/revisions"}],"wp:featuredmedia":[{"embeddable":true,"href":"https:\/\/bestmedical.shop\/it\/wp-json\/wp\/v2\/media\/22023"}],"wp:attachment":[{"href":"https:\/\/bestmedical.shop\/it\/wp-json\/wp\/v2\/media?parent=24887"}],"wp:term":[{"taxonomy":"product_brand","embeddable":true,"href":"https:\/\/bestmedical.shop\/it\/wp-json\/wp\/v2\/product_brand?post=24887"},{"taxonomy":"product_cat","embeddable":true,"href":"https:\/\/bestmedical.shop\/it\/wp-json\/wp\/v2\/product_cat?post=24887"},{"taxonomy":"product_tag","embeddable":true,"href":"https:\/\/bestmedical.shop\/it\/wp-json\/wp\/v2\/product_tag?post=24887"}],"curies":[{"name":"wp","href":"https:\/\/api.w.org\/{rel}","templated":true}]}}